{"id":1581,"date":"2015-12-22T17:30:59","date_gmt":"2015-12-22T17:30:59","guid":{"rendered":"http:\/\/localhost\/truckpress\/?page_id=1581"},"modified":"2026-02-17T17:12:49","modified_gmt":"2026-02-17T14:12:49","slug":"about-us","status":"publish","type":"page","link":"https:\/\/indieselparts.com\/index.php\/about-us\/","title":{"rendered":"About Us"},"content":{"rendered":"<div class=\"wpb-content-wrapper\"><p>[vc_row css=&#8221;.vc_custom_1456285677003{padding-top: 70px !important;padding-bottom: 80px !important;}&#8221;][vc_column width=&#8221;1\/2&#8243;]<div class=\"lp-heading  \">\n                <h4>Get to know us closely.<\/h4>\n                <div class=\"border\"><\/div>\n            <\/div>[vc_row_inner css=&#8221;.vc_custom_1450813931806{padding-top: 35px !important;}&#8221;][vc_column_inner width=&#8221;1\/2&#8243;][vc_column_text css=&#8221;&#8221;]<\/p>\n<div class=\"text-about-basic\">\n<p data-start=\"1033\" data-end=\"1200\"><strong data-start=\"1033\" data-end=\"1062\">\u0130N D\u0130ZEL MAK\u0130NA SAN. A.\u015e.<\/strong>&nbsp;was founded in 2024 by&nbsp;<strong data-start=\"1086\" data-end=\"1100\">\u0130brahim \u00d6z<\/strong>, who brings over 35 years of industry experience in marine engines and diesel engine spare parts.<\/p>\n<p data-start=\"1202\" data-end=\"1500\">Our company specializes in the&nbsp;<strong data-start=\"1233\" data-end=\"1282\">manufacturing of spare parts for ship engines<\/strong>, serving the maritime industry with a strong commitment to quality, durability, and reliability. We utilize modern technology, precision engineering, and strict quality control processes in all stages of production.<\/p>\n<\/div>\n<p>[\/vc_column_text][\/vc_column_inner][vc_column_inner width=&#8221;1\/2&#8243;][vc_column_text css=&#8221;&#8221;]<\/p>\n<p data-start=\"1502\" data-end=\"1683\">At \u0130N D\u0130ZEL MAK\u0130NA SAN. A.\u015e., our mission is to provide high-performance, long-lasting, and internationally compliant solutions, becoming a trusted partner in the maritime sector.<\/p>\n<p data-start=\"1685\" data-end=\"1827\" data-is-last-node=\"\" data-is-only-node=\"\">With our experience, technical expertise, and customer-focused approach, we aim for sustainable success and continuous growth in the industry.<\/p>\n<p>[\/vc_column_text][\/vc_column_inner][\/vc_row_inner][\/vc_column][vc_column width=&#8221;1\/2&#8243;][vc_single_image image=&#8221;2429&#8243; img_size=&#8221;large&#8221; css=&#8221;&#8221;][\/vc_column][\/vc_row][vc_row full_width=&#8221;stretch_row_content_no_spaces&#8221;][vc_column]<div class=\"tp-support clearfix \">\n                <div class=\"container\">\n                    <div class=\"row\">\n                        <div class=\"col-md-3 col-sm-3 col-xs-12 clearfix tp-support-title\">\n                             <div class=\"tp-support-icon fa fa-phone\"><\/div>\n                            <h2>FOR ANY HELP OR QUERIES<\/h2>\n                        <\/div>\n                        <div class=\"col-md-9 col-sm-9 col-xs-12 tp-support-content\">\n                            Call us now on 0530 426 2321\n                            <div class=\"tp-support-link\"><a  href=\"#\" target=\"_blank\">Contact Sales Team<\/a><\/div>\n                        <\/div>\n                     <\/div>\n                <\/div>\n            <\/div>[\/vc_column][\/vc_row]<\/p>\n<\/div>","protected":false},"excerpt":{"rendered":"<p>[vc_row css=&#8221;.vc_custom_1456285677003{padding-top: 70px !important;padding-bottom: 80px !important;}&#8221;][vc_column width=&#8221;1\/2&#8243;][vc_row_inner css=&#8221;.vc_custom_1450813931806{padding-top: 35px !important;}&#8221;][vc_column_inner width=&#8221;1\/2&#8243;][vc_column_text css=&#8221;&#8221;] \u0130N D\u0130ZEL MAK\u0130NA SAN. A.\u015e.&nbsp;was founded in 2024 by&nbsp;\u0130brahim \u00d6z, who brings over 35 years of industry experience&hellip;<\/p>\n","protected":false},"author":1,"featured_media":0,"parent":0,"menu_order":0,"comment_status":"closed","ping_status":"closed","template":"template-full-width.php","meta":{"footnotes":""},"class_list":["post-1581","page","type-page","status-publish","hentry"],"_links":{"self":[{"href":"https:\/\/indieselparts.com\/index.php\/wp-json\/wp\/v2\/pages\/1581","targetHints":{"allow":["GET"]}}],"collection":[{"href":"https:\/\/indieselparts.com\/index.php\/wp-json\/wp\/v2\/pages"}],"about":[{"href":"https:\/\/indieselparts.com\/index.php\/wp-json\/wp\/v2\/types\/page"}],"author":[{"embeddable":true,"href":"https:\/\/indieselparts.com\/index.php\/wp-json\/wp\/v2\/users\/1"}],"replies":[{"embeddable":true,"href":"https:\/\/indieselparts.com\/index.php\/wp-json\/wp\/v2\/comments?post=1581"}],"version-history":[{"count":4,"href":"https:\/\/indieselparts.com\/index.php\/wp-json\/wp\/v2\/pages\/1581\/revisions"}],"predecessor-version":[{"id":2430,"href":"https:\/\/indieselparts.com\/index.php\/wp-json\/wp\/v2\/pages\/1581\/revisions\/2430"}],"wp:attachment":[{"href":"https:\/\/indieselparts.com\/index.php\/wp-json\/wp\/v2\/media?parent=1581"}],"curies":[{"name":"wp","href":"https:\/\/api.w.org\/{rel}","templated":true}]}}